{"id":75,"date":"2018-03-20T08:26:16","date_gmt":"2018-03-20T08:26:16","guid":{"rendered":"http:\/\/feuerwehr-hartmannshof.de\/?page_id=75"},"modified":"2018-03-21T12:11:19","modified_gmt":"2018-03-21T11:11:19","slug":"geraete","status":"publish","type":"page","link":"https:\/\/feuerwehr-hartmannshof.de\/?page_id=75","title":{"rendered":"Ger\u00e4te"},"content":{"rendered":"<p>Hier eine \u00dcbersicht der Ger\u00e4te der FF Hartmannshof<\/p>\n<p>[Best_Wordpress_Gallery id=&#8220;2&#8243; gal_title=&#8220;Ger\u00e4te&#8220;]<\/p>\n","protected":false},"excerpt":{"rendered":"<p>Hier eine \u00dcbersicht der Ger\u00e4te der FF Hartmannshof [Best_Wordpress_Gallery id=&#8220;2&#8243; gal_title=&#8220;Ger\u00e4te&#8220;]<\/p>\n","protected":false},"author":1,"featured_media":0,"parent":0,"menu_order":0,"comment_status":"closed","ping_status":"closed","template":"","meta":{"footnotes":""},"class_list":["post-75","page","type-page","status-publish","hentry"],"_links":{"self":[{"href":"https:\/\/feuerwehr-hartmannshof.de\/index.php?rest_route=\/wp\/v2\/pages\/75","targetHints":{"allow":["GET"]}}],"collection":[{"href":"https:\/\/feuerwehr-hartmannshof.de\/index.php?rest_route=\/wp\/v2\/pages"}],"about":[{"href":"https:\/\/feuerwehr-hartmannshof.de\/index.php?rest_route=\/wp\/v2\/types\/page"}],"author":[{"embeddable":true,"href":"https:\/\/feuerwehr-hartmannshof.de\/index.php?rest_route=\/wp\/v2\/users\/1"}],"replies":[{"embeddable":true,"href":"https:\/\/feuerwehr-hartmannshof.de\/index.php?rest_route=%2Fwp%2Fv2%2Fcomments&post=75"}],"version-history":[{"count":16,"href":"https:\/\/feuerwehr-hartmannshof.de\/index.php?rest_route=\/wp\/v2\/pages\/75\/revisions"}],"predecessor-version":[{"id":302,"href":"https:\/\/feuerwehr-hartmannshof.de\/index.php?rest_route=\/wp\/v2\/pages\/75\/revisions\/302"}],"wp:attachment":[{"href":"https:\/\/feuerwehr-hartmannshof.de\/index.php?rest_route=%2Fwp%2Fv2%2Fmedia&parent=75"}],"curies":[{"name":"wp","href":"https:\/\/api.w.org\/{rel}","templated":true}]}}